{"id":146,"date":"2021-10-27T20:41:45","date_gmt":"2021-10-27T18:41:45","guid":{"rendered":"https:\/\/danipaprofe.com\/?page_id=146"},"modified":"2026-02-05T10:29:10","modified_gmt":"2026-02-05T09:29:10","slug":"sobremi","status":"publish","type":"page","link":"https:\/\/danipaprofe.com\/index.php\/sobremi\/","title":{"rendered":"Sobre m\u00ed"},"content":{"rendered":"\n<p>\u00a1Hola a todas y todos! Soy <strong>Daniel Paz Aguilar<\/strong>, maestro de Educaci\u00f3n Primaria en activo en la Comunidad Aut\u00f3noma de Andaluc\u00eda. Trabajo en C\u00e1diz, aunque mi ciudad natal es M\u00e1laga; en un colegio p\u00fablico de La L\u00ednea de la Concepci\u00f3n (CEIP. Pablo Picasso).<\/p>\n\n\n\n<p>Si quieres contactar conmigo, puedes escribirme a <a rel=\"noreferrer noopener\" href=\"mailto:danipaprofe@gmail.com\" target=\"_blank\">danipaprofe@gmail.com<\/a>.<\/p>\n\n\n\n<hr class=\"wp-block-separator has-css-opacity\"\/>\n\n\n\n<p>El magisterio siempre ha sido mi vocaci\u00f3n. Aprob\u00e9 las oposiciones en Andaluc\u00eda en el a\u00f1o 2022.<\/p>\n\n\n\n<ul class=\"wp-block-list\">\n<li>En <strong>2012<\/strong> termin\u00e9 mis estudios de Bachillerato de Humanidades en el IES. Al-Baytar (Arroyo de la Miel).<\/li>\n\n\n\n<li>En <strong>2016<\/strong> termin\u00e9 mis estudios de grado en Maestro de Educaci\u00f3n Primaria con menci\u00f3n en Atenci\u00f3n a la Diversidad en la Universidad de M\u00e1laga.<\/li>\n\n\n\n<li>En <strong>2020<\/strong> termin\u00e9 mis estudios de <strong><a href=\"https:\/\/www.uma.es\/master-en-politicas-y-practicas-de-innovacion-educativa\/\" data-type=\"URL\" data-id=\"https:\/\/www.uma.es\/master-en-politicas-y-practicas-de-innovacion-educativa\/\" target=\"_blank\" rel=\"noreferrer noopener\">M\u00e1ster en Pol\u00edticas y Pr\u00e1cticas de Innovaci\u00f3n Educativa<\/a><\/strong> de la Universidad de M\u00e1laga.<\/li>\n\n\n\n<li>En <strong>2021<\/strong> termin\u00e9 mis estudios de <a href=\"https:\/\/www.ujaen.es\/estudios\/oferta-academica\/masteres\/master-interuniversitario-en-ensenanza-bilingue-y-aprendizaje-integrado-de-contenidos-y\" data-type=\"URL\" data-id=\"https:\/\/www.ujaen.es\/estudios\/oferta-academica\/masteres\/master-interuniversitario-en-ensenanza-bilingue-y-aprendizaje-integrado-de-contenidos-y\" target=\"_blank\" rel=\"noreferrer noopener\"><strong>M\u00e1ster en Ense\u00f1anza Biling\u00fce y Aprendizaje Integrado de Contenidos y Lenguas<\/strong> <strong>Extranjeras<\/strong><\/a> en la Universidad de Ja\u00e9n.<\/li>\n<\/ul>\n\n\n\n<p>Adem\u00e1s, tengo acreditados:<\/p>\n\n\n\n<ul class=\"wp-block-list\">\n<li><strong>Nivel B2<\/strong> (Cambridge) de ingl\u00e9s.<\/li>\n\n\n\n<li><strong>Nivel B2<\/strong> (Junta de Andaluc\u00eda) de Competencia Digital Docente.<\/li>\n<\/ul>\n\n\n\n<hr class=\"wp-block-separator has-css-opacity\"\/>\n\n\n\n<p>He realizado diversas publicaciones en base a trabajos de fin de t\u00edtulo, todos sobre mis <strong>hobbies<\/strong>: la innovaci\u00f3n, la biblioteca escolar y las TIC, junto con los entornos virtuales de aprendizaje.<\/p>\n\n\n\n<ul class=\"wp-block-list\">\n<li><a rel=\"noreferrer noopener\" href=\"https:\/\/riuma.uma.es\/xmlui\/handle\/10630\/12704\" data-type=\"URL\" data-id=\"https:\/\/riuma.uma.es\/xmlui\/handle\/10630\/12704\" target=\"_blank\">La ense\u00f1anza de la Educaci\u00f3n Pl\u00e1stica en entornos virtuales de aprendizaje: una propuesta innovadora<\/a><\/li>\n\n\n\n<li><a rel=\"noreferrer noopener\" href=\"https:\/\/riuma.uma.es\/xmlui\/handle\/10630\/20120\" data-type=\"URL\" data-id=\"https:\/\/riuma.uma.es\/xmlui\/handle\/10630\/20120\" target=\"_blank\">Resignificar la biblioteca escolar en Educaci\u00f3n Primaria: una investigaci\u00f3n-acci\u00f3n<\/a><\/li>\n\n\n\n<li><a rel=\"noreferrer noopener\" href=\"https:\/\/hdl.handle.net\/10953.1\/17854\" data-type=\"URL\" data-id=\"https:\/\/hdl.handle.net\/10953.1\/17854\" target=\"_blank\">Integrating CLIL in Virtual Learning Environments: An innovative lesson plan in Social Science for Primary Education<\/a><\/li>\n<\/ul>\n\n\n\n<hr class=\"wp-block-separator has-css-opacity\"\/>\n\n\n\n<p>He tenido la suerte de trabajar en lo que me gusta y apasiona desde que cumpl\u00ed la mayor\u00eda de edad.<\/p>\n\n\n\n<ul class=\"wp-block-list\">\n<li>2015-2020 | <strong>CEIP. Mariana Pineda<\/strong> (Arroyo de la Miel &#8211; M\u00e1laga).\n<ul class=\"wp-block-list\">\n<li>Programa de Acompa\u00f1amiento.<\/li>\n<\/ul>\n<\/li>\n\n\n\n<li>2020-2021 | <strong>CEIP. Pablo Picasso<\/strong> (La L\u00ednea de la Concepci\u00f3n &#8211; C\u00e1diz).\n<ul class=\"wp-block-list\">\n<li>Profesorado de apoyo y refuerzo.<\/li>\n\n\n\n<li>Equipo de Biblioteca.<\/li>\n\n\n\n<li>Programa \u00abAndaluc\u00eda Profundiza\u00bb: <em>Discovery BOT Junior<\/em>.<\/li>\n<\/ul>\n<\/li>\n\n\n\n<li>2021-2022 | <strong>CEIP. La Paz<\/strong> (Torremolinos &#8211; M\u00e1laga).\n<ul class=\"wp-block-list\">\n<li>Docencia en 5.\u00ba de Ed. Primaria.<\/li>\n\n\n\n<li>Profesorado de apoyo y refuerzo.<\/li>\n\n\n\n<li>Equipo de Biblioteca.<\/li>\n\n\n\n<li>Programa \u00abAndaluc\u00eda Profundiza\u00bb: <em>Discovery BOT<\/em>.<\/li>\n<\/ul>\n<\/li>\n\n\n\n<li>2022-2023 | <strong>CEIP. Pablo Picasso<\/strong> (La L\u00ednea de la Concepci\u00f3n &#8211; C\u00e1diz).\n<ul class=\"wp-block-list\">\n<li>Tutor de 6.\u00ba de Ed. Primaria.<\/li>\n\n\n\n<li>Coordinador TDE.<\/li>\n\n\n\n<li>Coordinador STEAM: Pensamiento Computacional.<\/li>\n\n\n\n<li>Coordinador PROA: Programa de Acompa\u00f1amiento.<\/li>\n\n\n\n<li>Maestro PROA: 6.\u00ba Primaria.<\/li>\n\n\n\n<li>Equipo de Biblioteca.<\/li>\n<\/ul>\n<\/li>\n\n\n\n<li>2023-2024 | <strong>CEIP. Pablo Picasso<\/strong> (La L\u00ednea de la Concepci\u00f3n &#8211; C\u00e1diz).\n<ul class=\"wp-block-list\">\n<li>Tutor de 3.\u00ba de Ed. Primaria.<\/li>\n\n\n\n<li>Coordinador TDE.<\/li>\n\n\n\n<li>Equipo de Biblioteca.<\/li>\n<\/ul>\n<\/li>\n\n\n\n<li>2024-2025 | <strong>CEIP. Pablo Picasso<\/strong> (La L\u00ednea de la Concepci\u00f3n &#8211; C\u00e1diz).\n<ul class=\"wp-block-list\">\n<li>Tutor de 4.\u00ba de Ed. Primaria.<\/li>\n\n\n\n<li>Jefe de Estudios \/ Coord. Practicum y PRL.<\/li>\n\n\n\n<li>Coordinador Programa CIMA.<\/li>\n\n\n\n<li>Equipo de Biblioteca.<\/li>\n<\/ul>\n<\/li>\n\n\n\n<li>2025-2026 | <strong>CEIP. Pablo Picasso<\/strong> (La L\u00ednea de la Concepci\u00f3n &#8211; C\u00e1diz).\n<ul class=\"wp-block-list\">\n<li>Tutor de 5.\u00ba de Ed. Primaria.<\/li>\n\n\n\n<li>Jefe de Estudios \/ Coord. Practicum y PRL.<\/li>\n\n\n\n<li>Equipo de Biblioteca.<\/li>\n<\/ul>\n<\/li>\n<\/ul>\n\n\n\n<p>En lo referente a mi experiencia como <strong>formador<\/strong> de compa\u00f1eras y compa\u00f1eros del gremio, tanto en formaci\u00f3n en centros como ponente y tutor asociado a CEP.<\/p>\n\n\n\n<ul class=\"wp-block-list\">\n<li>2020-2021 | <strong>CEIP. Pablo Picasso<\/strong> (La L\u00ednea de la Concepci\u00f3n).\n<ul class=\"wp-block-list\">\n<li>Flipped Classroom.<\/li>\n\n\n\n<li>Edpuzzle.<\/li>\n\n\n\n<li>Cuaderno de S\u00e9neca.<\/li>\n\n\n\n<li>Moodle Centros.<\/li>\n<\/ul>\n<\/li>\n\n\n\n<li>2021-2022 | <strong>CEP Algeciras-La L\u00ednea<\/strong>\n<ul class=\"wp-block-list\">\n<li>Herramientas digitales para generar dise\u00f1os, carteles, im\u00e1genes&#8230; y estrategias de formaci\u00f3n del alumnado.<\/li>\n\n\n\n<li>Herramientas digitales para generar contenido audiovisual (podcast y aplicaci\u00f3n de croma a v\u00eddeos).<\/li>\n<\/ul>\n<\/li>\n\n\n\n<li>2021-2022 | <strong>CEP Algeciras-La L\u00ednea<\/strong>\n<ul class=\"wp-block-list\">\n<li>Tutor del curso \u00abCompetencia Digital Docente A2\u00bb.<\/li>\n<\/ul>\n<\/li>\n<\/ul>\n\n\n\n<hr class=\"wp-block-separator has-css-opacity is-style-default\"\/>\n\n\n\n<p>Todo ello, no sin seguir form\u00e1ndome de manera permanente y continuada a lo largo de cada curso escolar. He participado en los siguientes cursos de formaci\u00f3n:<\/p>\n\n\n\n<ul class=\"wp-block-list\">\n<li>Dise\u00f1o, desarrollo e innovaci\u00f3n en la programaci\u00f3n did\u00e1ctica.<\/li>\n\n\n\n<li>Resoluci\u00f3n de conflictos y educaci\u00f3n para la convivencia.<\/li>\n\n\n\n<li>Direcci\u00f3n y gesti\u00f3n de centros educativos.<\/li>\n\n\n\n<li>Atenci\u00f3n educativa al alumnado con altas capacidades intelectuales.<\/li>\n\n\n\n<li>Interculturalidad para maestros y profesores.<\/li>\n\n\n\n<li>La lectoescritura. Aprendizaje, dificultades, evaluaci\u00f3n e implicaciones educativas.<\/li>\n\n\n\n<li>Metodolog\u00edas educativas emergentes y TIC.<\/li>\n\n\n\n<li>Estrategias de apoyo a la coordinaci\u00f3n TDE.<\/li>\n\n\n\n<li>Integrando la gamificaci\u00f3n en el aula.<\/li>\n\n\n\n<li>Uso de la plataforma Moodle Centros (iniciaci\u00f3n).<\/li>\n\n\n\n<li>Escuela de pensamiento computacional e inteligencia artificial 20-21. Scratch y Machine Learning for Kids.<\/li>\n\n\n\n<li>Recursos Educativos en Abierto (REA): \u00e1mbito de ense\u00f1anza-aprendizaje en el Plan de Actuaci\u00f3n Digital.<\/li>\n\n\n\n<li>Objetos Digitales Educativos en las AAVV Moodle Centros: integra, motiva y enriquece tus clases.<\/li>\n\n\n\n<li>Iniciaci\u00f3n al uso de la Inteligencia Artificial Generativa centrada en la Educaci\u00f3n.<\/li>\n<\/ul>\n","protected":false},"excerpt":{"rendered":"<p>\u00a1Hola a todas y todos! Soy Daniel Paz Aguilar, maestro de Educaci\u00f3n Primaria en activo en&#46;&#46;&#46;<\/p>\n","protected":false},"author":1,"featured_media":0,"parent":0,"menu_order":0,"comment_status":"closed","ping_status":"closed","template":"","meta":{"footnotes":""},"class_list":["post-146","page","type-page","status-publish","hentry"],"_links":{"self":[{"href":"https:\/\/danipaprofe.com\/index.php\/wp-json\/wp\/v2\/pages\/146","targetHints":{"allow":["GET"]}}],"collection":[{"href":"https:\/\/danipaprofe.com\/index.php\/wp-json\/wp\/v2\/pages"}],"about":[{"href":"https:\/\/danipaprofe.com\/index.php\/wp-json\/wp\/v2\/types\/page"}],"author":[{"embeddable":true,"href":"https:\/\/danipaprofe.com\/index.php\/wp-json\/wp\/v2\/users\/1"}],"replies":[{"embeddable":true,"href":"https:\/\/danipaprofe.com\/index.php\/wp-json\/wp\/v2\/comments?post=146"}],"version-history":[{"count":41,"href":"https:\/\/danipaprofe.com\/index.php\/wp-json\/wp\/v2\/pages\/146\/revisions"}],"predecessor-version":[{"id":1140,"href":"https:\/\/danipaprofe.com\/index.php\/wp-json\/wp\/v2\/pages\/146\/revisions\/1140"}],"wp:attachment":[{"href":"https:\/\/danipaprofe.com\/index.php\/wp-json\/wp\/v2\/media?parent=146"}],"curies":[{"name":"wp","href":"https:\/\/api.w.org\/{rel}","templated":true}]}}