{"id":420,"date":"2022-02-01T10:46:58","date_gmt":"2022-02-01T09:46:58","guid":{"rendered":"https:\/\/danipaprofe.com\/?page_id=420"},"modified":"2022-02-01T22:01:11","modified_gmt":"2022-02-01T21:01:11","slug":"las-letras-tienen-nombre-de-mujer","status":"publish","type":"page","link":"https:\/\/danipaprofe.com\/index.php\/las-letras-tienen-nombre-de-mujer\/","title":{"rendered":"Las letras tienen nombre de mujer"},"content":{"rendered":"\n<p style=\"font-size:15px\"><em>Proyecto de investigaci\u00f3n realizado por todos los cursos y grupos en el CEIP. Pablo Picasso (La L\u00ednea de la Concepci\u00f3n), curso acad\u00e9mico 2020-2021<\/em><\/p>\n\n\n\n<p>En primer lugar y antes de nada, me gustar\u00eda dar <strong>total cr\u00e9dito al centro<\/strong>, <strong>su alumnado y tutoras y tutores<\/strong>, ya que mi labor en este proyecto se limit\u00f3 a realizar el dise\u00f1o de las cartelas, su montaje (conjuntamente con la s\u00edntesis de informaci\u00f3n), as\u00ed como la grabaci\u00f3n y post-producci\u00f3n de los v\u00eddeos. Agradecer la confianza a Estefan\u00eda y Teresa (directora y coordinadora de la biblioteca).<\/p>\n\n\n\n<p>El Equipo de Biblioteca, del que formaba parte, tuvo en consideraci\u00f3n realizar <strong>un proyecto por el cual se descubriese y diese a conocer el nombre y las trayectorias de<\/strong> <strong>tantas<\/strong> <strong>escritoras espa\u00f1olas<\/strong> que, durante mucho tiempo, han quedado relegadas por la voz y relevancia que se ha dado a muchos escritores cuyos nombres son muy sonados y encontramos en nuestro d\u00eda a d\u00eda.<\/p>\n\n\n\n<div class=\"wp-block-image\"><figure class=\"aligncenter size-large\"><img fetchpriority=\"high\" decoding=\"async\" width=\"1024\" height=\"724\" src=\"https:\/\/danipaprofe.com\/wp-content\/uploads\/2022\/02\/CARTEL_PICASSO_AUTORAS_v5-1024x724.png\" alt=\"\" class=\"wp-image-427\" srcset=\"https:\/\/danipaprofe.com\/wp-content\/uploads\/2022\/02\/CARTEL_PICASSO_AUTORAS_v5-1024x724.png 1024w, https:\/\/danipaprofe.com\/wp-content\/uploads\/2022\/02\/CARTEL_PICASSO_AUTORAS_v5-300x212.png 300w, https:\/\/danipaprofe.com\/wp-content\/uploads\/2022\/02\/CARTEL_PICASSO_AUTORAS_v5-768x543.png 768w, https:\/\/danipaprofe.com\/wp-content\/uploads\/2022\/02\/CARTEL_PICASSO_AUTORAS_v5-1536x1086.png 1536w, https:\/\/danipaprofe.com\/wp-content\/uploads\/2022\/02\/CARTEL_PICASSO_AUTORAS_v5-2048x1448.png 2048w, https:\/\/danipaprofe.com\/wp-content\/uploads\/2022\/02\/CARTEL_PICASSO_AUTORAS_v5-670x474.png 670w\" sizes=\"(max-width: 1024px) 100vw, 1024px\" \/><\/figure><\/div>\n\n\n\n<p>A trav\u00e9s de este proyecto de investigaci\u00f3n, dentro del Pacto de Estado contra la violencia de g\u00e9nero, tal como aparece indicado <a rel=\"noreferrer noopener\" href=\"http:\/\/ceippablopicassolalinea.blogspot.com\/2021\/04\/xxi-feria-del-libro.html\" data-type=\"URL\" data-id=\"http:\/\/ceippablopicassolalinea.blogspot.com\/2021\/04\/xxi-feria-del-libro.html\" target=\"_blank\">en una entrada el blog del centro<\/a>, se buscaba realizar una labor que llevase al alumnado a buscar informaci\u00f3n y crear un producto final fruto de esta <strong>XXI Feria del Libro Infantil<\/strong> del <strong>CEIP. Pablo Picasso<\/strong>. En este caso se realiz\u00f3 una revista digital, una exposici\u00f3n en el centro, as\u00ed como interpretaciones del alumnado poni\u00e9ndose en la piel de las autoras.<\/p>\n\n\n\n<hr class=\"wp-block-separator\"\/>\n\n\n\n<p>Los pasos que se siguieron para la realizaci\u00f3n del proyecto fueron:<\/p>\n\n\n\n<p style=\"font-size:15px\">1.- <strong>Fase de selecci\u00f3n<\/strong>: se han elegido a&nbsp;&nbsp;21 escritoras espa\u00f1olas,&nbsp;&nbsp;una por unidad. Ha sido muy dif\u00edcil&nbsp; porque muchas grandes escritoras no est\u00e1n incluidas. Pero la selecci\u00f3n est\u00e1 hecha atendiendo a la edad del alumnado.&nbsp;<\/p>\n\n\n\n<p style=\"font-size:15px\">2.- <strong>Fase de investigaci\u00f3n<\/strong>: el tutor\/a explica el proyecto, presenta la escritora asignada a su grupo e informa de los datos que deben investigar.&nbsp;&nbsp;El alumnado recaba informaci\u00f3n de internet (solos o con ayuda familiar dependiendo de la edad).<\/p>\n\n\n\n<p style=\"font-size:15px\">3.- <strong>Fase de expresi\u00f3n oral<\/strong>: cada alumno\/a entrega la informaci\u00f3n obtenida y&nbsp;&nbsp;la expone a sus compa\u00f1eros\/as.&nbsp;&nbsp;&nbsp;<\/p>\n\n\n\n<p style=\"font-size:15px\">4.- <strong>Fase de s\u00edntesis<\/strong>: entre todo el alumnado guiados por&nbsp; el tutor\/a cumplimentan una plantilla en la que se recoge datos biogr\u00e1ficos, obras y premios junto con fotograf\u00edas significativas de la escritora o de su bibliograf\u00eda.<\/p>\n\n\n\n<p style=\"font-size:15px\">5.- <strong>Fase de dise\u00f1o<\/strong>, digitalizaci\u00f3n e impresi\u00f3n de los carteles.<\/p>\n\n\n\n<p style=\"font-size:15px\">6.- <strong>Fase de exposici\u00f3n<\/strong>: en el patio delantero del colegio y respetando las medidas de seguridad todos los cursos visitar\u00e1n la exposici\u00f3n acompa\u00f1ados por sus tutores\/as.<\/p>\n\n\n\n<p style=\"font-size:15px\">7.- <strong>Fase de grabaci\u00f3n de v\u00eddeos<\/strong>: paralelamente a las actividades enumeradas se grabar\u00e1n v\u00eddeos en los que una alumna interpretar\u00e1 a&nbsp;&nbsp;la escritora que han trabajado en su clase. La selecci\u00f3n de la alumna se realiza en base a las r\u00fabricas de expresi\u00f3n oral.<\/p>\n\n\n\n<p style=\"font-size:15px\">8.- <strong>Fase de ambientaci\u00f3n del centro<\/strong>: al finalizar la exposici\u00f3n cada cartel se ubicar\u00e1 a la entrada de cada clase para dar visibilidad de forma permanente a las escritoras.&nbsp;&nbsp;<\/p>\n\n\n\n<hr class=\"wp-block-separator\"\/>\n\n\n\n<h3 class=\"wp-block-heading\" id=\"exito-en-la-exposicion\">\u00c9XITO EN LA EXPOSICI\u00d3N<\/h3>\n\n\n\n<p>El alumnado acudi\u00f3 con sus tutoras y tutores, en la fase 6, a visitar la exposici\u00f3n en la que encontraban los carteles de las investigaciones que hab\u00edan realizado. Pudieron no solo <strong>ver su trabajo y esfuerzo muy bien representado<\/strong>, sino que conocieron nombres de las autoras en el que el resto de grupos-clase hab\u00edan trabajado.<\/p>\n\n\n\n<p>Evidencias de la exposici\u00f3n: <a href=\"http:\/\/ceippablopicassolalinea.blogspot.com\/2021\/05\/dia-del-libro-23-de-abril.html\" data-type=\"URL\" data-id=\"http:\/\/ceippablopicassolalinea.blogspot.com\/2021\/05\/dia-del-libro-23-de-abril.html\" target=\"_blank\" rel=\"noreferrer noopener\">http:\/\/ceippablopicassolalinea.blogspot.com\/2021\/05\/dia-del-libro-23-de-abril.html<\/a><\/p>\n\n\n\n<hr class=\"wp-block-separator\"\/>\n\n\n\n<h3 class=\"wp-block-heading\" id=\"interpretaciones-y-caracterizaciones\">INTERPRETACIONES Y CARACTERIZACIONES<\/h3>\n\n\n\n<p>Una alumna de cada clase fue seleccionada para interpretar a la autora que su grupo hab\u00eda investigado. De esta manera, y con el uso de la tecnolog\u00eda croma, se consiguieron fondos espectaculares, que tuve el honor de grabar y producir. Unas sesiones divertid\u00edsimas, sobre todo con las alumnas de infantil. Os dejo a continuaci\u00f3n los v\u00eddeos que produje con el trabajo detr\u00e1s de tutores, tutoras, alumnado y familias y que se subieron al canal de YouTube del centro escolar:<\/p>\n\n\n\n<h4 class=\"wp-block-heading\" id=\"autoras-de-infantil\">AUTORAS DE INFANTIL<\/h4>\n\n\n\n<figure class=\"wp-block-embed is-type-video is-provider-youtube wp-block-embed-youtube wp-embed-aspect-16-9 wp-has-aspect-ratio\"><div class=\"wp-block-embed__wrapper\">\n<div class=\"video-container\"><iframe title=\"Autoras INFANTIL\" width=\"740\" height=\"416\" src=\"https:\/\/www.youtube.com\/embed\/ADXexAWIvj8?feature=oembed\" frameborder=\"0\" allow=\"accelerometer; autoplay; clipboard-write; encrypted-media; gyroscope; picture-in-picture\" allowfullscreen><\/iframe><\/div>\n<\/div><\/figure>\n\n\n\n<hr class=\"wp-block-separator\"\/>\n\n\n\n<h4 class=\"wp-block-heading\" id=\"autoras-de-primer-ciclo-de-primaria\">AUTORAS DE PRIMER CICLO DE PRIMARIA<\/h4>\n\n\n\n<figure class=\"wp-block-embed aligncenter is-type-video is-provider-youtube wp-block-embed-youtube wp-embed-aspect-16-9 wp-has-aspect-ratio\"><div class=\"wp-block-embed__wrapper\">\n<div class=\"video-container\"><iframe title=\"Autoras PRIMERCICLO\" width=\"740\" height=\"416\" src=\"https:\/\/www.youtube.com\/embed\/sLOCnXXl3iQ?start=88&#038;feature=oembed\" frameborder=\"0\" allow=\"accelerometer; autoplay; clipboard-write; encrypted-media; gyroscope; picture-in-picture\" allowfullscreen><\/iframe><\/div>\n<\/div><\/figure>\n\n\n\n<hr class=\"wp-block-separator\"\/>\n\n\n\n<h4 class=\"wp-block-heading\" id=\"autoras-de-segundo-ciclo-de-primaria\">AUTORAS DE SEGUNDO CICLO DE PRIMARIA<\/h4>\n\n\n\n<figure class=\"wp-block-embed aligncenter is-type-video is-provider-youtube wp-block-embed-youtube wp-embed-aspect-16-9 wp-has-aspect-ratio\"><div class=\"wp-block-embed__wrapper\">\n<div class=\"video-container\"><iframe title=\"Autoras SEGUNDOCICLO\" width=\"740\" height=\"416\" src=\"https:\/\/www.youtube.com\/embed\/LI0l2te2neE?start=5&#038;feature=oembed\" frameborder=\"0\" allow=\"accelerometer; autoplay; clipboard-write; encrypted-media; gyroscope; picture-in-picture\" allowfullscreen><\/iframe><\/div>\n<\/div><\/figure>\n\n\n\n<hr class=\"wp-block-separator\"\/>\n\n\n\n<h4 class=\"wp-block-heading\" id=\"autoras-de-tercer-ciclo-de-primaria\">AUTORAS DE TERCER CICLO DE PRIMARIA<\/h4>\n\n\n\n<figure class=\"wp-block-embed aligncenter is-type-video is-provider-youtube wp-block-embed-youtube wp-embed-aspect-16-9 wp-has-aspect-ratio\"><div class=\"wp-block-embed__wrapper\">\n<div class=\"video-container\"><iframe title=\"Autoras TERCERCICLO\" width=\"740\" height=\"416\" src=\"https:\/\/www.youtube.com\/embed\/5IW8vcv8dM0?feature=oembed\" frameborder=\"0\" allow=\"accelerometer; autoplay; clipboard-write; encrypted-media; gyroscope; picture-in-picture\" allowfullscreen><\/iframe><\/div>\n<\/div><\/figure>\n\n\n\n<hr class=\"wp-block-separator\"\/>\n\n\n\n<p>La apuesta por este tipo de proyectos de b\u00fasqueda, selecci\u00f3n, s\u00edntesis y curaci\u00f3n de la informaci\u00f3n nos ayudan a hacer a los alumnos y las alumnas competentes y ser capaces de enfrentarse a situaciones en las que necesiten de su propia autonom\u00eda para superar obst\u00e1culos o realizar trabajos de forma eficaz y \u00f3ptima.<\/p>\n\n\n\n<p>La creaci\u00f3n de contenido forma parte de nuestro presente m\u00e1s cercano y \u00abLas letras tienen nombre de mujer\u00bb a\u00fanan dicha creaci\u00f3n de contenido, conjuntamente con un trabajo en equipo y colectivo de todo un centro educativo.<\/p>\n\n\n\n<hr class=\"wp-block-separator\"\/>\n\n\n\n<h4 class=\"wp-block-heading\" id=\"enlace-a-la-revista-digital\">ENLACE A LA REVISTA DIGITAL<\/h4>\n\n\n\n<p class=\"has-text-align-center\"><a href=\"https:\/\/es.calameo.com\/read\/00667657159e6a3ba6c6b\" data-type=\"URL\" data-id=\"https:\/\/es.calameo.com\/read\/00667657159e6a3ba6c6b\" target=\"_blank\" rel=\"noreferrer noopener\"><strong>REVISTA DIGITAL<\/strong>: \u00abLAS LETRAS TIENEN NOMBRE DE MUJER\u00bb<\/a><\/p>\n","protected":false},"excerpt":{"rendered":"<p>Proyecto de investigaci\u00f3n realizado por todos los cursos y grupos en el CEIP. Pablo Picasso (La&#46;&#46;&#46;<\/p>\n","protected":false},"author":1,"featured_media":0,"parent":0,"menu_order":0,"comment_status":"closed","ping_status":"closed","template":"","meta":{"footnotes":""},"class_list":["post-420","page","type-page","status-publish","hentry"],"_links":{"self":[{"href":"https:\/\/danipaprofe.com\/index.php\/wp-json\/wp\/v2\/pages\/420","targetHints":{"allow":["GET"]}}],"collection":[{"href":"https:\/\/danipaprofe.com\/index.php\/wp-json\/wp\/v2\/pages"}],"about":[{"href":"https:\/\/danipaprofe.com\/index.php\/wp-json\/wp\/v2\/types\/page"}],"author":[{"embeddable":true,"href":"https:\/\/danipaprofe.com\/index.php\/wp-json\/wp\/v2\/users\/1"}],"replies":[{"embeddable":true,"href":"https:\/\/danipaprofe.com\/index.php\/wp-json\/wp\/v2\/comments?post=420"}],"version-history":[{"count":15,"href":"https:\/\/danipaprofe.com\/index.php\/wp-json\/wp\/v2\/pages\/420\/revisions"}],"predecessor-version":[{"id":445,"href":"https:\/\/danipaprofe.com\/index.php\/wp-json\/wp\/v2\/pages\/420\/revisions\/445"}],"wp:attachment":[{"href":"https:\/\/danipaprofe.com\/index.php\/wp-json\/wp\/v2\/media?parent=420"}],"curies":[{"name":"wp","href":"https:\/\/api.w.org\/{rel}","templated":true}]}}