{"id":490,"date":"2022-02-09T19:37:13","date_gmt":"2022-02-09T18:37:13","guid":{"rendered":"https:\/\/danipaprofe.com\/?page_id=490"},"modified":"2022-02-09T19:37:13","modified_gmt":"2022-02-09T18:37:13","slug":"andalucia-profundiza","status":"publish","type":"page","link":"https:\/\/danipaprofe.com\/index.php\/andalucia-profundiza\/","title":{"rendered":"Andaluc\u00eda Profundiza"},"content":{"rendered":"\n<p>Comparto con vosotras y vosotros un Genially que he creado para acercaros al <strong>desarrollo del programa \u00abAndaluc\u00eda Profundiza\u00bb<\/strong>, una herramienta potent\u00edsima para preparar a nuestro alumnado de forma <strong>competencial<\/strong>, desde <strong>focos de inter\u00e9s propios<\/strong> de los discentes y fomentando la <strong>investigaci\u00f3n<\/strong> y la <strong>autonom\u00eda<\/strong>.<\/p>\n\n\n\n<figure class=\"wp-block-embed is-type-wp-embed is-provider-genially wp-block-embed-genially\"><div class=\"wp-block-embed__wrapper\">\n<div class=\"video-container\"><iframe class=\"wp-embedded-content\" sandbox=\"allow-scripts\" security=\"restricted\" title=\"Andaluc\u00eda PROFUNDIZA\" frameborder='0' width='1200' height='675' src='https:\/\/view.genial.ly\/6203ec88ac3a48001965d296#?secret=DePWKNThXV' data-secret='DePWKNThXV' scrolling='yes'><\/iframe><\/div>\n<\/div><\/figure>\n\n\n\n<hr class=\"wp-block-separator\"\/>\n\n\n\n<p>Basado en la <a href=\"https:\/\/www.juntadeandalucia.es\/educacion\/portals\/delegate\/content\/1b8739ee-c2a2-49c9-a53c-4e88dd780345\/Resoluci%C3%B3n%20Profundiza\" data-type=\"URL\" data-id=\"https:\/\/www.juntadeandalucia.es\/educacion\/portals\/delegate\/content\/1b8739ee-c2a2-49c9-a53c-4e88dd780345\/Resoluci%C3%B3n%20Profundiza\" target=\"_blank\" rel=\"noreferrer noopener\">Resoluci\u00f3n de 20 de diciembre de 2021, de la Direcci\u00f3n General de Atenci\u00f3n a la Diversidad, Participaci\u00f3n y Convivencia Escolar, por la que se establece la convocatoria, organizaci\u00f3n y funcionamiento del programa de profundizaci\u00f3n de conocimientos \u00abAndaluc\u00eda Profundiza\u00bb, en los centros docentes p\u00fablicos dependientes de la Consejer\u00eda de Educaci\u00f3n y Deporte, para el curso 2021\/2022<\/a>.<\/p>\n","protected":false},"excerpt":{"rendered":"<p>Comparto con vosotras y vosotros un Genially que he creado para acercaros al desarrollo del programa&#46;&#46;&#46;<\/p>\n","protected":false},"author":1,"featured_media":0,"parent":0,"menu_order":0,"comment_status":"closed","ping_status":"closed","template":"","meta":{"footnotes":""},"class_list":["post-490","page","type-page","status-publish","hentry"],"_links":{"self":[{"href":"https:\/\/danipaprofe.com\/index.php\/wp-json\/wp\/v2\/pages\/490","targetHints":{"allow":["GET"]}}],"collection":[{"href":"https:\/\/danipaprofe.com\/index.php\/wp-json\/wp\/v2\/pages"}],"about":[{"href":"https:\/\/danipaprofe.com\/index.php\/wp-json\/wp\/v2\/types\/page"}],"author":[{"embeddable":true,"href":"https:\/\/danipaprofe.com\/index.php\/wp-json\/wp\/v2\/users\/1"}],"replies":[{"embeddable":true,"href":"https:\/\/danipaprofe.com\/index.php\/wp-json\/wp\/v2\/comments?post=490"}],"version-history":[{"count":1,"href":"https:\/\/danipaprofe.com\/index.php\/wp-json\/wp\/v2\/pages\/490\/revisions"}],"predecessor-version":[{"id":491,"href":"https:\/\/danipaprofe.com\/index.php\/wp-json\/wp\/v2\/pages\/490\/revisions\/491"}],"wp:attachment":[{"href":"https:\/\/danipaprofe.com\/index.php\/wp-json\/wp\/v2\/media?parent=490"}],"curies":[{"name":"wp","href":"https:\/\/api.w.org\/{rel}","templated":true}]}}