{"id":9,"date":"2021-10-27T16:07:18","date_gmt":"2021-10-27T14:07:18","guid":{"rendered":"https:\/\/danipaprofe.com\/?page_id=9"},"modified":"2022-02-17T18:35:42","modified_gmt":"2022-02-17T17:35:42","slug":"tde","status":"publish","type":"page","link":"https:\/\/danipaprofe.com\/index.php\/tde\/","title":{"rendered":"Transformaci\u00f3n Digital Educativa"},"content":{"rendered":"\n<p>Mi visi\u00f3n sobre la TDE, adem\u00e1s de estar basada en las actuales y vigentes&nbsp;<strong>Instrucciones<\/strong>&nbsp;de 20 de septiembre, de la Direcci\u00f3n General de Formaci\u00f3n del Profesorado e Innovaci\u00f3n Educativa,&nbsp;<strong>sobre medidas de Transformaci\u00f3n Digital Educativa en el Sistema Educativo No Universitario de Andaluc\u00eda<\/strong>, para el curso 2021\/2022 debe pasar por trascender a un modelo organizativo.<\/p>\n\n\n\n<p>Hay que aunar los esfuerzos de los tres marcos europeos (<strong>DigCompOrg<\/strong>,&nbsp;<strong>DigCompEdu<\/strong>&nbsp;y&nbsp;<strong>DigComp<\/strong>) para formarnos como docentes e impulsar la transformaci\u00f3n digital de nuestros centros para, as\u00ed, formar tambi\u00e9n al alumnado y sus familias.<\/p>\n\n\n\n<p>Por tanto,&nbsp;<strong>el docente que no sabe encender el proyecto ya no tiene cabida<\/strong>. Nos debemos actualizar y adaptar la educaci\u00f3n de nuestros ni\u00f1o y ni\u00f1as a su realidad m\u00e1s pr\u00f3xima y actual.<\/p>\n\n\n\n<figure class=\"wp-block-embed aligncenter is-type-wp-embed is-provider-genially wp-block-embed-genially\"><div class=\"wp-block-embed__wrapper\">\n<div class=\"video-container\"><iframe class=\"wp-embedded-content\" sandbox=\"allow-scripts\" security=\"restricted\" title=\"TDE - Transformaci\u00f3n Digital Educativa (v.And)\" frameborder='0' width='1200' height='675' src='https:\/\/view.genial.ly\/620d53304f39570012c6a13c#?secret=iToEIPpNxf' data-secret='iToEIPpNxf' scrolling='yes'><\/iframe><\/div>\n<\/div><figcaption>Actualizado a 16 de febrero de 2022<\/figcaption><\/figure>\n","protected":false},"excerpt":{"rendered":"<p>Mi visi\u00f3n sobre la TDE, adem\u00e1s de estar basada en las actuales y vigentes&nbsp;Instrucciones&nbsp;de 20 de&#46;&#46;&#46;<\/p>\n","protected":false},"author":1,"featured_media":0,"parent":0,"menu_order":11,"comment_status":"closed","ping_status":"closed","template":"","meta":{"footnotes":""},"class_list":["post-9","page","type-page","status-publish","hentry"],"_links":{"self":[{"href":"https:\/\/danipaprofe.com\/index.php\/wp-json\/wp\/v2\/pages\/9","targetHints":{"allow":["GET"]}}],"collection":[{"href":"https:\/\/danipaprofe.com\/index.php\/wp-json\/wp\/v2\/pages"}],"about":[{"href":"https:\/\/danipaprofe.com\/index.php\/wp-json\/wp\/v2\/types\/page"}],"author":[{"embeddable":true,"href":"https:\/\/danipaprofe.com\/index.php\/wp-json\/wp\/v2\/users\/1"}],"replies":[{"embeddable":true,"href":"https:\/\/danipaprofe.com\/index.php\/wp-json\/wp\/v2\/comments?post=9"}],"version-history":[{"count":11,"href":"https:\/\/danipaprofe.com\/index.php\/wp-json\/wp\/v2\/pages\/9\/revisions"}],"predecessor-version":[{"id":566,"href":"https:\/\/danipaprofe.com\/index.php\/wp-json\/wp\/v2\/pages\/9\/revisions\/566"}],"wp:attachment":[{"href":"https:\/\/danipaprofe.com\/index.php\/wp-json\/wp\/v2\/media?parent=9"}],"curies":[{"name":"wp","href":"https:\/\/api.w.org\/{rel}","templated":true}]}}